{"id":917,"date":"2022-01-06T15:18:20","date_gmt":"2022-01-06T19:18:20","guid":{"rendered":"https:\/\/bluterrenas.com\/?page_id=917"},"modified":"2022-04-05T16:18:18","modified_gmt":"2022-04-05T20:18:18","slug":"town-houses-1st-line-of-beach","status":"publish","type":"page","link":"https:\/\/bluterrenas.com\/es\/town-houses\/town-houses-1st-line-of-beach\/","title":{"rendered":"Casas de pueblo (1a l\u00ednea de playa)"},"content":{"rendered":"<p><div class=\"fusion-fullwidth fullwidth-box fusion-builder-row-1 fusion-flex-container nonhundred-percent-fullwidth non-hundred-percent-height-scrolling\" style=\"--awb-border-radius-top-left:0px;--awb-border-radius-top-right:0px;--awb-border-radius-bottom-right:0px;--awb-border-radius-bottom-left:0px;--awb-padding-top:55px;--awb-padding-bottom:55px;--awb-flex-wrap:wrap;\" ><div class=\"fusion-builder-row fusion-row fusion-flex-align-items-center fusion-flex-justify-content-center fusion-flex-content-wrap\" style=\"max-width:1144px;margin-left: calc(-4% \/ 2 );margin-right: calc(-4% \/ 2 );\"><div class=\"fusion-layout-column fusion_builder_column fusion-builder-column-0 fusion_builder_column_1_1 1_1 fusion-flex-column\" style=\"--awb-bg-size:cover;--awb-width-large:100%;--awb-margin-top-large:0px;--awb-spacing-right-large:1.92%;--awb-margin-bottom-large:20px;--awb-spacing-left-large:1.92%;--awb-width-medium:100%;--awb-order-medium:0;--awb-spacing-right-medium:1.92%;--awb-spacing-left-medium:1.92%;--awb-width-small:100%;--awb-order-small:0;--awb-spacing-right-small:1.92%;--awb-spacing-left-small:1.92%;\"><div class=\"fusion-column-wrapper fusion-column-has-shadow fusion-flex-justify-content-flex-start fusion-content-layout-column\"><div class=\"fusion-image-element\" style=\"--awb-caption-title-font-family:var(--h2_typography-font-family);--awb-caption-title-font-weight:var(--h2_typography-font-weight);--awb-caption-title-font-style:var(--h2_typography-font-style);--awb-caption-title-size:var(--h2_typography-font-size);--awb-caption-title-transform:var(--h2_typography-text-transform);--awb-caption-title-line-height:var(--h2_typography-line-height);--awb-caption-title-letter-spacing:var(--h2_typography-letter-spacing);\"><span class=\"fusion-imageframe imageframe-none imageframe-1 hover-type-none\"><a href=\"https:\/\/bluterrenas.com\/wp-content\/uploads\/2022\/01\/TH-IMAGE2.jpg\" class=\"fusion-lightbox\" data-rel=\"iLightbox[01]\" data-title=\"TH-IMAGE2\" title=\"TH-IMAGE2\"><img decoding=\"async\" width=\"1200\" height=\"672\" src=\"https:\/\/bluterrenas.com\/wp-content\/uploads\/2022\/01\/TH-IMAGE2.jpg\" data-orig-src=\"https:\/\/bluterrenas.com\/wp-content\/uploads\/2022\/01\/TH-IMAGE2.jpg\" alt class=\"lazyload img-responsive wp-image-888\" srcset=\"data:image\/svg+xml,%3Csvg%20xmlns%3D%27http%3A%2F%2Fwww.w3.org%2F2000%2Fsvg%27%20width%3D%271200%27%20height%3D%27672%27%20viewBox%3D%270%200%201200%20672%27%3E%3Crect%20width%3D%271200%27%20height%3D%27672%27%20fill-opacity%3D%220%22%2F%3E%3C%2Fsvg%3E\" data-srcset=\"https:\/\/bluterrenas.com\/wp-content\/uploads\/2022\/01\/TH-IMAGE2-200x112.jpg 200w, https:\/\/bluterrenas.com\/wp-content\/uploads\/2022\/01\/TH-IMAGE2-400x224.jpg 400w, https:\/\/bluterrenas.com\/wp-content\/uploads\/2022\/01\/TH-IMAGE2-600x336.jpg 600w, https:\/\/bluterrenas.com\/wp-content\/uploads\/2022\/01\/TH-IMAGE2-800x448.jpg 800w, https:\/\/bluterrenas.com\/wp-content\/uploads\/2022\/01\/TH-IMAGE2.jpg 1200w\" data-sizes=\"auto\" data-orig-sizes=\"(max-width: 800px) 100vw, (max-width: 640px) 100vw, 1200px\" \/><\/a><\/span><\/div><\/div><\/div><div class=\"fusion-layout-column fusion_builder_column fusion-builder-column-1 fusion_builder_column_3_4 3_4 fusion-flex-column\" style=\"--awb-overflow:hidden;--awb-bg-size:cover;--awb-border-radius:5px 5px 5px 5px;--awb-filter:brightness(100%);--awb-filter-transition:filter 0.3s ease;--awb-filter-hover:brightness(120%);--awb-width-large:75%;--awb-margin-top-large:0px;--awb-spacing-right-large:2.56%;--awb-margin-bottom-large:20px;--awb-spacing-left-large:2.56%;--awb-width-medium:100%;--awb-order-medium:0;--awb-spacing-right-medium:1.92%;--awb-spacing-left-medium:1.92%;--awb-width-small:100%;--awb-order-small:0;--awb-spacing-right-small:1.92%;--awb-spacing-left-small:1.92%;\"><div class=\"fusion-column-wrapper fusion-column-has-shadow fusion-flex-justify-content-flex-start fusion-content-layout-column\"><div class=\"fusion-text fusion-text-1\"><p style=\"text-align: center;\"><span style=\"font-size: 18pt;\">Adosados en primera l\u00ednea de playa.<\/span><\/p>\n<\/div><div class=\"fusion-text fusion-text-2\"><p style=\"text-align: center;\"><span style=\"font-size: 18pt;\"><strong><span style=\"font-size: 36pt;\">Todas las unidades est\u00e1n vendidas.<\/span><\/strong><br \/>\n<\/span><\/p>\n<\/div><\/div><\/div><div class=\"fusion-layout-column fusion_builder_column fusion-builder-column-2 fusion_builder_column_1_1 1_1 fusion-flex-column\" style=\"--awb-bg-size:cover;--awb-width-large:100%;--awb-margin-top-large:0px;--awb-spacing-right-large:1.92%;--awb-margin-bottom-large:20px;--awb-spacing-left-large:1.92%;--awb-width-medium:100%;--awb-order-medium:0;--awb-spacing-right-medium:1.92%;--awb-spacing-left-medium:1.92%;--awb-width-small:100%;--awb-order-small:0;--awb-spacing-right-small:1.92%;--awb-spacing-left-small:1.92%;\"><div class=\"fusion-column-wrapper fusion-column-has-shadow fusion-flex-justify-content-flex-start fusion-content-layout-column\"><div class=\"awb-gallery-wrapper awb-gallery-wrapper-1 button-span-no\"><div style=\"margin:-5px;--awb-bordersize:0px;\" class=\"fusion-gallery fusion-gallery-container fusion-grid-3 fusion-columns-total-6 fusion-gallery-layout-grid fusion-gallery-1\"><div style=\"padding:5px;\" class=\"fusion-grid-column fusion-gallery-column fusion-gallery-column-3 hover-type-none\"><div class=\"fusion-gallery-image\"><a href=\"https:\/\/bluterrenas.com\/wp-content\/uploads\/2022\/04\/cam66Recuperado-copia-scaled.jpg\" rel=\"noreferrer\" data-rel=\"iLightbox[gallery_image_1]\" class=\"fusion-lightbox\" target=\"_self\"><img decoding=\"async\" src=\"https:\/\/bluterrenas.com\/wp-content\/uploads\/2022\/04\/cam66Recuperado-copia-scaled.jpg\" data-orig-src=\"https:\/\/bluterrenas.com\/wp-content\/uploads\/2022\/04\/cam66Recuperado-copia-scaled.jpg\" width=\"2560\" height=\"1440\" alt=\"\" title=\"cam6&#039;6Recuperado copia\" aria-label=\"cam6&#039;6Recuperado copia\" class=\"lazyload img-responsive wp-image-1376\" srcset=\"data:image\/svg+xml,%3Csvg%20xmlns%3D%27http%3A%2F%2Fwww.w3.org%2F2000%2Fsvg%27%20width%3D%272560%27%20height%3D%271440%27%20viewBox%3D%270%200%202560%201440%27%3E%3Crect%20width%3D%272560%27%20height%3D%271440%27%20fill-opacity%3D%220%22%2F%3E%3C%2Fsvg%3E\" data-srcset=\"https:\/\/bluterrenas.com\/wp-content\/uploads\/2022\/04\/cam66Recuperado-copia-200x112.jpg 200w, https:\/\/bluterrenas.com\/wp-content\/uploads\/2022\/04\/cam66Recuperado-copia-400x225.jpg 400w, https:\/\/bluterrenas.com\/wp-content\/uploads\/2022\/04\/cam66Recuperado-copia-600x337.jpg 600w, https:\/\/bluterrenas.com\/wp-content\/uploads\/2022\/04\/cam66Recuperado-copia-800x450.jpg 800w, https:\/\/bluterrenas.com\/wp-content\/uploads\/2022\/04\/cam66Recuperado-copia-1200x675.jpg 1200w, https:\/\/bluterrenas.com\/wp-content\/uploads\/2022\/04\/cam66Recuperado-copia-scaled.jpg 2560w\" data-sizes=\"auto\" data-orig-sizes=\"(min-width: 2200px) 100vw, (min-width: 784px) 363px, (min-width: 712px) 545px, (min-width: 640px) 712px, \" \/><\/a><\/div><\/div><div style=\"padding:5px;\" class=\"fusion-grid-column fusion-gallery-column fusion-gallery-column-3 hover-type-none\"><div class=\"fusion-gallery-image\"><a href=\"https:\/\/bluterrenas.com\/wp-content\/uploads\/2022\/04\/cam55-copy-scaled.jpg\" rel=\"noreferrer\" data-rel=\"iLightbox[gallery_image_1]\" class=\"fusion-lightbox\" target=\"_self\"><img decoding=\"async\" src=\"https:\/\/bluterrenas.com\/wp-content\/uploads\/2022\/04\/cam55-copy-scaled.jpg\" data-orig-src=\"https:\/\/bluterrenas.com\/wp-content\/uploads\/2022\/04\/cam55-copy-scaled.jpg\" width=\"2560\" height=\"1440\" alt=\"\" title=\"copia cam5&#039;5\" aria-label=\"copia cam5&#039;5\" class=\"lazyload img-responsive wp-image-1375\" srcset=\"data:image\/svg+xml,%3Csvg%20xmlns%3D%27http%3A%2F%2Fwww.w3.org%2F2000%2Fsvg%27%20width%3D%272560%27%20height%3D%271440%27%20viewBox%3D%270%200%202560%201440%27%3E%3Crect%20width%3D%272560%27%20height%3D%271440%27%20fill-opacity%3D%220%22%2F%3E%3C%2Fsvg%3E\" data-srcset=\"https:\/\/bluterrenas.com\/wp-content\/uploads\/2022\/04\/cam55-copy-200x112.jpg 200w, https:\/\/bluterrenas.com\/wp-content\/uploads\/2022\/04\/cam55-copy-400x225.jpg 400w, https:\/\/bluterrenas.com\/wp-content\/uploads\/2022\/04\/cam55-copy-600x337.jpg 600w, https:\/\/bluterrenas.com\/wp-content\/uploads\/2022\/04\/cam55-copy-800x450.jpg 800w, https:\/\/bluterrenas.com\/wp-content\/uploads\/2022\/04\/cam55-copy-1200x675.jpg 1200w, https:\/\/bluterrenas.com\/wp-content\/uploads\/2022\/04\/cam55-copy-scaled.jpg 2560w\" data-sizes=\"auto\" data-orig-sizes=\"(min-width: 2200px) 100vw, (min-width: 784px) 363px, (min-width: 712px) 545px, (min-width: 640px) 712px, \" \/><\/a><\/div><\/div><div style=\"padding:5px;\" class=\"fusion-grid-column fusion-gallery-column fusion-gallery-column-3 hover-type-none\"><div class=\"fusion-gallery-image\"><a href=\"https:\/\/bluterrenas.com\/wp-content\/uploads\/2022\/04\/cam33-copia1-scaled.jpg\" rel=\"noreferrer\" data-rel=\"iLightbox[gallery_image_1]\" class=\"fusion-lightbox\" target=\"_self\"><img decoding=\"async\" src=\"https:\/\/bluterrenas.com\/wp-content\/uploads\/2022\/04\/cam33-copia1-scaled.jpg\" data-orig-src=\"https:\/\/bluterrenas.com\/wp-content\/uploads\/2022\/04\/cam33-copia1-scaled.jpg\" width=\"2560\" height=\"1440\" alt=\"\" title=\"cam3&#039;3 copia1\" aria-label=\"cam3&#039;3 copia1\" class=\"lazyload img-responsive wp-image-1374\" srcset=\"data:image\/svg+xml,%3Csvg%20xmlns%3D%27http%3A%2F%2Fwww.w3.org%2F2000%2Fsvg%27%20width%3D%272560%27%20height%3D%271440%27%20viewBox%3D%270%200%202560%201440%27%3E%3Crect%20width%3D%272560%27%20height%3D%271440%27%20fill-opacity%3D%220%22%2F%3E%3C%2Fsvg%3E\" data-srcset=\"https:\/\/bluterrenas.com\/wp-content\/uploads\/2022\/04\/cam33-copia1-200x112.jpg 200w, https:\/\/bluterrenas.com\/wp-content\/uploads\/2022\/04\/cam33-copia1-400x225.jpg 400w, https:\/\/bluterrenas.com\/wp-content\/uploads\/2022\/04\/cam33-copia1-600x337.jpg 600w, https:\/\/bluterrenas.com\/wp-content\/uploads\/2022\/04\/cam33-copia1-800x450.jpg 800w, https:\/\/bluterrenas.com\/wp-content\/uploads\/2022\/04\/cam33-copia1-1200x675.jpg 1200w, https:\/\/bluterrenas.com\/wp-content\/uploads\/2022\/04\/cam33-copia1-scaled.jpg 2560w\" data-sizes=\"auto\" data-orig-sizes=\"(min-width: 2200px) 100vw, (min-width: 784px) 363px, (min-width: 712px) 545px, (min-width: 640px) 712px, \" \/><\/a><\/div><\/div><div class=\"clearfix\"><\/div><div style=\"padding:5px;\" class=\"fusion-grid-column fusion-gallery-column fusion-gallery-column-3 hover-type-none\"><div class=\"fusion-gallery-image\"><a href=\"https:\/\/bluterrenas.com\/wp-content\/uploads\/2022\/04\/cam22copy-scaled.jpg\" rel=\"noreferrer\" data-rel=\"iLightbox[gallery_image_1]\" class=\"fusion-lightbox\" target=\"_self\"><img decoding=\"async\" src=\"https:\/\/bluterrenas.com\/wp-content\/uploads\/2022\/04\/cam22copy-scaled.jpg\" data-orig-src=\"https:\/\/bluterrenas.com\/wp-content\/uploads\/2022\/04\/cam22copy-scaled.jpg\" width=\"2560\" height=\"1440\" alt=\"\" title=\"c\u00e1mara2&#039;2copia\" aria-label=\"c\u00e1mara2&#039;2copia\" class=\"lazyload img-responsive wp-image-1373\" srcset=\"data:image\/svg+xml,%3Csvg%20xmlns%3D%27http%3A%2F%2Fwww.w3.org%2F2000%2Fsvg%27%20width%3D%272560%27%20height%3D%271440%27%20viewBox%3D%270%200%202560%201440%27%3E%3Crect%20width%3D%272560%27%20height%3D%271440%27%20fill-opacity%3D%220%22%2F%3E%3C%2Fsvg%3E\" data-srcset=\"https:\/\/bluterrenas.com\/wp-content\/uploads\/2022\/04\/cam22copy-200x112.jpg 200w, https:\/\/bluterrenas.com\/wp-content\/uploads\/2022\/04\/cam22copy-400x225.jpg 400w, https:\/\/bluterrenas.com\/wp-content\/uploads\/2022\/04\/cam22copy-600x337.jpg 600w, https:\/\/bluterrenas.com\/wp-content\/uploads\/2022\/04\/cam22copy-800x450.jpg 800w, https:\/\/bluterrenas.com\/wp-content\/uploads\/2022\/04\/cam22copy-1200x675.jpg 1200w, https:\/\/bluterrenas.com\/wp-content\/uploads\/2022\/04\/cam22copy-scaled.jpg 2560w\" data-sizes=\"auto\" data-orig-sizes=\"(min-width: 2200px) 100vw, (min-width: 784px) 363px, (min-width: 712px) 545px, (min-width: 640px) 712px, \" \/><\/a><\/div><\/div><div style=\"padding:5px;\" class=\"fusion-grid-column fusion-gallery-column fusion-gallery-column-3 hover-type-none\"><div class=\"fusion-gallery-image\"><a href=\"https:\/\/bluterrenas.com\/wp-content\/uploads\/2022\/04\/cam11copy-scaled.jpg\" rel=\"noreferrer\" data-rel=\"iLightbox[gallery_image_1]\" class=\"fusion-lightbox\" target=\"_self\"><img decoding=\"async\" src=\"https:\/\/bluterrenas.com\/wp-content\/uploads\/2022\/04\/cam11copy-scaled.jpg\" data-orig-src=\"https:\/\/bluterrenas.com\/wp-content\/uploads\/2022\/04\/cam11copy-scaled.jpg\" width=\"2560\" height=\"1440\" alt=\"\" title=\"c\u00e1mara1&#039;1copiar\" aria-label=\"c\u00e1mara1&#039;1copiar\" class=\"lazyload img-responsive wp-image-1372\" srcset=\"data:image\/svg+xml,%3Csvg%20xmlns%3D%27http%3A%2F%2Fwww.w3.org%2F2000%2Fsvg%27%20width%3D%272560%27%20height%3D%271440%27%20viewBox%3D%270%200%202560%201440%27%3E%3Crect%20width%3D%272560%27%20height%3D%271440%27%20fill-opacity%3D%220%22%2F%3E%3C%2Fsvg%3E\" data-srcset=\"https:\/\/bluterrenas.com\/wp-content\/uploads\/2022\/04\/cam11copy-200x112.jpg 200w, https:\/\/bluterrenas.com\/wp-content\/uploads\/2022\/04\/cam11copy-400x225.jpg 400w, https:\/\/bluterrenas.com\/wp-content\/uploads\/2022\/04\/cam11copy-600x337.jpg 600w, https:\/\/bluterrenas.com\/wp-content\/uploads\/2022\/04\/cam11copy-800x450.jpg 800w, https:\/\/bluterrenas.com\/wp-content\/uploads\/2022\/04\/cam11copy-1200x675.jpg 1200w, https:\/\/bluterrenas.com\/wp-content\/uploads\/2022\/04\/cam11copy-scaled.jpg 2560w\" data-sizes=\"auto\" data-orig-sizes=\"(min-width: 2200px) 100vw, (min-width: 784px) 363px, (min-width: 712px) 545px, (min-width: 640px) 712px, \" \/><\/a><\/div><\/div><div style=\"padding:5px;\" class=\"fusion-grid-column fusion-gallery-column fusion-gallery-column-3 hover-type-none\"><div class=\"fusion-gallery-image\"><a href=\"https:\/\/bluterrenas.com\/wp-content\/uploads\/2022\/04\/cam22copy-1-scaled.jpg\" rel=\"noreferrer\" data-rel=\"iLightbox[gallery_image_1]\" class=\"fusion-lightbox\" target=\"_self\"><img decoding=\"async\" src=\"https:\/\/bluterrenas.com\/wp-content\/uploads\/2022\/04\/cam22copy-1-scaled.jpg\" data-orig-src=\"https:\/\/bluterrenas.com\/wp-content\/uploads\/2022\/04\/cam22copy-1-scaled.jpg\" width=\"2560\" height=\"1440\" alt=\"\" title=\"c\u00e1mara2&#039;2copia\" aria-label=\"c\u00e1mara2&#039;2copia\" class=\"lazyload img-responsive wp-image-1377\" srcset=\"data:image\/svg+xml,%3Csvg%20xmlns%3D%27http%3A%2F%2Fwww.w3.org%2F2000%2Fsvg%27%20width%3D%272560%27%20height%3D%271440%27%20viewBox%3D%270%200%202560%201440%27%3E%3Crect%20width%3D%272560%27%20height%3D%271440%27%20fill-opacity%3D%220%22%2F%3E%3C%2Fsvg%3E\" data-srcset=\"https:\/\/bluterrenas.com\/wp-content\/uploads\/2022\/04\/cam22copy-1-200x112.jpg 200w, https:\/\/bluterrenas.com\/wp-content\/uploads\/2022\/04\/cam22copy-1-400x225.jpg 400w, https:\/\/bluterrenas.com\/wp-content\/uploads\/2022\/04\/cam22copy-1-600x337.jpg 600w, https:\/\/bluterrenas.com\/wp-content\/uploads\/2022\/04\/cam22copy-1-800x450.jpg 800w, https:\/\/bluterrenas.com\/wp-content\/uploads\/2022\/04\/cam22copy-1-1200x675.jpg 1200w, https:\/\/bluterrenas.com\/wp-content\/uploads\/2022\/04\/cam22copy-1-scaled.jpg 2560w\" data-sizes=\"auto\" data-orig-sizes=\"(min-width: 2200px) 100vw, (min-width: 784px) 363px, (min-width: 712px) 545px, (min-width: 640px) 712px, \" \/><\/a><\/div><\/div><div class=\"clearfix\"><\/div><\/div><\/div><\/div><\/div><\/div><\/div><div class=\"fusion-fullwidth fullwidth-box fusion-builder-row-2 fusion-flex-container fusion-parallax-none nonhundred-percent-fullwidth non-hundred-percent-height-scrolling lazyload\" style=\"--awb-border-radius-top-left:0px;--awb-border-radius-top-right:0px;--awb-border-radius-bottom-right:0px;--awb-border-radius-bottom-left:0px;--awb-padding-top:150px;--awb-padding-bottom:100px;--awb-background-color:#001159;--awb-background-image:linear-gradient(180deg, rgba(0,17,89,0.61) 0%,rgba(0,17,89,0.41) 100%);;--awb-background-size:cover;--awb-flex-wrap:wrap;\" data-bg=\"https:\/\/bluterrenas.com\/wp-content\/uploads\/2021\/12\/frontslide1.jpg\" data-bg-gradient=\"linear-gradient(180deg, rgba(0,17,89,0.61) 0%,rgba(0,17,89,0.41) 100%)\" ><div class=\"fusion-builder-row fusion-row fusion-flex-align-items-center fusion-flex-justify-content-center fusion-flex-content-wrap\" style=\"max-width:1144px;margin-left: calc(-4% \/ 2 );margin-right: calc(-4% \/ 2 );\"><div class=\"fusion-layout-column fusion_builder_column fusion-builder-column-3 fusion_builder_column_2_3 2_3 fusion-flex-column\" style=\"--awb-bg-size:cover;--awb-width-large:66.666666666667%;--awb-margin-top-large:0px;--awb-spacing-right-large:2.88%;--awb-margin-bottom-large:20px;--awb-spacing-left-large:2.88%;--awb-width-medium:100%;--awb-order-medium:0;--awb-spacing-right-medium:1.92%;--awb-spacing-left-medium:1.92%;--awb-width-small:100%;--awb-order-small:0;--awb-spacing-right-small:1.92%;--awb-spacing-left-small:1.92%;\"><div class=\"fusion-column-wrapper fusion-column-has-shadow fusion-flex-justify-content-flex-start fusion-content-layout-column\"><div class=\"fusion-text fusion-text-3\" style=\"--awb-text-color:#ffffff;\"><p><span style=\"font-size: 14pt;\"><strong>BLU TERRENAS<\/strong>, adem\u00e1s de ser el proyecto m\u00e1s innovador y exclusivo de la zona, \u00abeco frendly\u00bb, \u00absound frendly\u00bb, organic, con la piscina m\u00e1s grande del mundo, emplear\u00e1 a unas 2500 personas directamente y unas 5000 personas directamente. indirectamente, contribuyendo significativamente a mejorar la condici\u00f3n socioecon\u00f3mica de toda la zona, as\u00ed como una Universidad, enfocada en cursos anuales que preparar\u00e1n a unos 250 j\u00f3venes insert\u00e1ndolos en proyectos tur\u00edsticos, mientras que los talleres artesanales producir\u00e1n productos con la marca Las Terrenas y souvenirs para ser comprados por turistas de todo el mundo, asegurando que Rep\u00fablica Dominicana, y Las Terrenas en particular, sean reconocidas mundialmente como uno de los verdaderos para\u00edsos que existen hoy en la tierra.<br \/>\n<\/span><\/p>\n<p><span style=\"font-size: 18pt;\"><strong>BLU TERRENAS<\/strong> Definitivamente marcar\u00e1 un antes y un despu\u00e9s no solo para la zona donde se desarrollar\u00e1, sino tambi\u00e9n para toda Rep\u00fablica Dominicana.<br \/>\n<\/span><\/p>\n<\/div><\/div><\/div><\/div><\/div>\n<\/p>","protected":false},"excerpt":{"rendered":"","protected":false},"author":1,"featured_media":0,"parent":877,"menu_order":0,"comment_status":"closed","ping_status":"closed","template":"100-width.php","meta":{"footnotes":""},"class_list":["post-917","page","type-page","status-publish","hentry"],"_links":{"self":[{"href":"https:\/\/bluterrenas.com\/es\/wp-json\/wp\/v2\/pages\/917","targetHints":{"allow":["GET"]}}],"collection":[{"href":"https:\/\/bluterrenas.com\/es\/wp-json\/wp\/v2\/pages"}],"about":[{"href":"https:\/\/bluterrenas.com\/es\/wp-json\/wp\/v2\/types\/page"}],"author":[{"embeddable":true,"href":"https:\/\/bluterrenas.com\/es\/wp-json\/wp\/v2\/users\/1"}],"replies":[{"embeddable":true,"href":"https:\/\/bluterrenas.com\/es\/wp-json\/wp\/v2\/comments?post=917"}],"version-history":[{"count":10,"href":"https:\/\/bluterrenas.com\/es\/wp-json\/wp\/v2\/pages\/917\/revisions"}],"predecessor-version":[{"id":1387,"href":"https:\/\/bluterrenas.com\/es\/wp-json\/wp\/v2\/pages\/917\/revisions\/1387"}],"up":[{"embeddable":true,"href":"https:\/\/bluterrenas.com\/es\/wp-json\/wp\/v2\/pages\/877"}],"wp:attachment":[{"href":"https:\/\/bluterrenas.com\/es\/wp-json\/wp\/v2\/media?parent=917"}],"curies":[{"name":"wp","href":"https:\/\/api.w.org\/{rel}","templated":true}]}}