{"id":1000,"date":"2022-01-18T11:43:44","date_gmt":"2022-01-18T15:43:44","guid":{"rendered":"https:\/\/bluterrenas.com\/?page_id=1000"},"modified":"2022-08-02T10:03:47","modified_gmt":"2022-08-02T14:03:47","slug":"blu-diamonds-options","status":"publish","type":"page","link":"https:\/\/bluterrenas.com\/es\/condos\/blu-diamonds-options\/","title":{"rendered":"Opciones de diamantes azules"},"content":{"rendered":"<p><div class=\"fusion-fullwidth fullwidth-box fusion-builder-row-1 fusion-flex-container nonhundred-percent-fullwidth non-hundred-percent-height-scrolling\" style=\"--awb-border-radius-top-left:0px;--awb-border-radius-top-right:0px;--awb-border-radius-bottom-right:0px;--awb-border-radius-bottom-left:0px;--awb-padding-top:55px;--awb-padding-bottom:55px;--awb-flex-wrap:wrap;\" ><div class=\"fusion-builder-row fusion-row fusion-flex-align-items-flex-start fusion-flex-justify-content-center fusion-flex-content-wrap\" style=\"max-width:1144px;margin-left: calc(-4% \/ 2 );margin-right: calc(-4% \/ 2 );\"><div class=\"fusion-layout-column fusion_builder_column fusion-builder-column-0 fusion_builder_column_3_4 3_4 fusion-flex-column\" style=\"--awb-overflow:hidden;--awb-bg-size:cover;--awb-border-radius:5px 5px 5px 5px;--awb-filter:brightness(100%);--awb-filter-transition:filter 0.3s ease;--awb-filter-hover:brightness(120%);--awb-width-large:75%;--awb-margin-top-large:0px;--awb-spacing-right-large:2.56%;--awb-margin-bottom-large:20px;--awb-spacing-left-large:2.56%;--awb-width-medium:100%;--awb-order-medium:0;--awb-spacing-right-medium:1.92%;--awb-spacing-left-medium:1.92%;--awb-width-small:100%;--awb-order-small:0;--awb-spacing-right-small:1.92%;--awb-spacing-left-small:1.92%;\"><div class=\"fusion-column-wrapper fusion-column-has-shadow fusion-flex-justify-content-flex-start fusion-content-layout-column\"><div class=\"fusion-image-element\" style=\"text-align:center;--awb-margin-top:20px;--awb-margin-bottom:20px;--awb-max-width:350px;--awb-caption-title-font-family:var(--h2_typography-font-family);--awb-caption-title-font-weight:var(--h2_typography-font-weight);--awb-caption-title-font-style:var(--h2_typography-font-style);--awb-caption-title-size:var(--h2_typography-font-size);--awb-caption-title-transform:var(--h2_typography-text-transform);--awb-caption-title-line-height:var(--h2_typography-line-height);--awb-caption-title-letter-spacing:var(--h2_typography-letter-spacing);\"><span class=\"fusion-imageframe imageframe-none imageframe-1 hover-type-none\"><img decoding=\"async\" width=\"921\" height=\"264\" title=\"Logotipo de Diamong\" src=\"https:\/\/bluterrenas.com\/wp-content\/uploads\/2021\/12\/Diamong-Logo.png\" data-orig-src=\"https:\/\/bluterrenas.com\/wp-content\/uploads\/2021\/12\/Diamong-Logo.png\" alt class=\"lazyload img-responsive wp-image-531\" srcset=\"data:image\/svg+xml,%3Csvg%20xmlns%3D%27http%3A%2F%2Fwww.w3.org%2F2000%2Fsvg%27%20width%3D%27921%27%20height%3D%27264%27%20viewBox%3D%270%200%20921%20264%27%3E%3Crect%20width%3D%27921%27%20height%3D%27264%27%20fill-opacity%3D%220%22%2F%3E%3C%2Fsvg%3E\" data-srcset=\"https:\/\/bluterrenas.com\/wp-content\/uploads\/2021\/12\/Diamong-Logo-200x57.png 200w, https:\/\/bluterrenas.com\/wp-content\/uploads\/2021\/12\/Diamong-Logo-400x115.png 400w, https:\/\/bluterrenas.com\/wp-content\/uploads\/2021\/12\/Diamong-Logo-600x172.png 600w, https:\/\/bluterrenas.com\/wp-content\/uploads\/2021\/12\/Diamong-Logo-800x229.png 800w, https:\/\/bluterrenas.com\/wp-content\/uploads\/2021\/12\/Diamong-Logo.png 921w\" data-sizes=\"auto\" data-orig-sizes=\"(max-width: 800px) 100vw, (max-width: 640px) 100vw, 800px\" \/><\/span><\/div><div class=\"fusion-text fusion-text-1\"><p style=\"text-align: center;\"><span style=\"font-size: 18pt;\">Una mezcla perfecta entre la naturaleza y la arquitectura, 18 apartamentos con enormes terrazos que supervisan el <strong>la piscina m\u00e1s larga del mundo y el oc\u00e9ano<\/strong>.<\/span><\/p>\n<p style=\"text-align: center;\"><span style=\"font-size: 14pt;\">En la entrada, un raro diamante azul dar\u00e1 la bienvenida a sus habitantes.<\/span><\/p>\n<\/div><\/div><\/div><div class=\"fusion-layout-column fusion_builder_column fusion-builder-column-1 fusion_builder_column_1_2 1_2 fusion-flex-column fusion-column-inner-bg-wrapper\" style=\"--awb-inner-bg-size:cover;--awb-filter:brightness(100%);--awb-filter-transition:filter 0.3s ease;--awb-filter-hover:brightness(110%);--awb-width-large:50%;--awb-margin-top-large:0px;--awb-spacing-right-large:3.84%;--awb-margin-bottom-large:20px;--awb-spacing-left-large:3.84%;--awb-width-medium:100%;--awb-order-medium:0;--awb-spacing-right-medium:1.92%;--awb-spacing-left-medium:1.92%;--awb-width-small:100%;--awb-order-small:0;--awb-spacing-right-small:1.92%;--awb-spacing-left-small:1.92%;\"><span class=\"fusion-column-inner-bg hover-type-none\"><a class=\"fusion-column-anchor\" href=\"https:\/\/bluterrenas.com\/es\/condos\/blu-diamonds\/\"><span class=\"fusion-column-inner-bg-image\"><\/span><\/a><\/span><div class=\"fusion-column-wrapper fusion-column-has-shadow fusion-flex-justify-content-flex-start fusion-content-layout-column\"><div class=\"fusion-image-element\" style=\"--awb-caption-title-font-family:var(--h2_typography-font-family);--awb-caption-title-font-weight:var(--h2_typography-font-weight);--awb-caption-title-font-style:var(--h2_typography-font-style);--awb-caption-title-size:var(--h2_typography-font-size);--awb-caption-title-transform:var(--h2_typography-text-transform);--awb-caption-title-line-height:var(--h2_typography-line-height);--awb-caption-title-letter-spacing:var(--h2_typography-letter-spacing);\"><span class=\"fusion-imageframe imageframe-none imageframe-2 hover-type-none\" style=\"border-radius:10px;\"><img decoding=\"async\" width=\"1252\" height=\"826\" title=\"Diamante\" src=\"https:\/\/bluterrenas.com\/wp-content\/uploads\/2021\/12\/Diamond.jpg\" data-orig-src=\"https:\/\/bluterrenas.com\/wp-content\/uploads\/2021\/12\/Diamond.jpg\" alt class=\"lazyload img-responsive wp-image-522\" srcset=\"data:image\/svg+xml,%3Csvg%20xmlns%3D%27http%3A%2F%2Fwww.w3.org%2F2000%2Fsvg%27%20width%3D%271252%27%20height%3D%27826%27%20viewBox%3D%270%200%201252%20826%27%3E%3Crect%20width%3D%271252%27%20height%3D%27826%27%20fill-opacity%3D%220%22%2F%3E%3C%2Fsvg%3E\" data-srcset=\"https:\/\/bluterrenas.com\/wp-content\/uploads\/2021\/12\/Diamond-200x132.jpg 200w, https:\/\/bluterrenas.com\/wp-content\/uploads\/2021\/12\/Diamond-400x264.jpg 400w, https:\/\/bluterrenas.com\/wp-content\/uploads\/2021\/12\/Diamond-600x396.jpg 600w, https:\/\/bluterrenas.com\/wp-content\/uploads\/2021\/12\/Diamond-800x528.jpg 800w, https:\/\/bluterrenas.com\/wp-content\/uploads\/2021\/12\/Diamond-1200x792.jpg 1200w, https:\/\/bluterrenas.com\/wp-content\/uploads\/2021\/12\/Diamond.jpg 1252w\" data-sizes=\"auto\" data-orig-sizes=\"(max-width: 800px) 100vw, (max-width: 640px) 100vw, 600px\" \/><\/span><\/div><div class=\"fusion-text fusion-text-2 fusion-text-no-margin\" style=\"--awb-margin-top:10px;\"><p style=\"text-align: center;\"><em><strong><span style=\"font-size: 18pt;\">De 2 a 4 dormitorios<\/span><\/strong><\/em><\/p>\n<\/div><div class=\"fusion-text fusion-text-3\"><p style=\"text-align: center;\"><span style=\"font-size: 14pt;\"><em>De 118 M\u00b2 a 372 M\u00b2<\/em><\/span><\/p>\n<\/div><\/div><\/div><div class=\"fusion-layout-column fusion_builder_column fusion-builder-column-2 fusion_builder_column_1_2 1_2 fusion-flex-column fusion-column-inner-bg-wrapper\" style=\"--awb-inner-bg-size:cover;--awb-filter:brightness(100%);--awb-filter-transition:filter 0.3s ease;--awb-filter-hover:brightness(110%);--awb-width-large:50%;--awb-margin-top-large:0px;--awb-spacing-right-large:3.84%;--awb-margin-bottom-large:20px;--awb-spacing-left-large:3.84%;--awb-width-medium:100%;--awb-order-medium:0;--awb-spacing-right-medium:1.92%;--awb-spacing-left-medium:1.92%;--awb-width-small:100%;--awb-order-small:0;--awb-spacing-right-small:1.92%;--awb-spacing-left-small:1.92%;\"><span class=\"fusion-column-inner-bg hover-type-none\"><a class=\"fusion-column-anchor\" href=\"https:\/\/bluterrenas.com\/es\/condos\/blu-diamonds-condos-1-bedroom\/\"><span class=\"fusion-column-inner-bg-image\"><\/span><\/a><\/span><div class=\"fusion-column-wrapper fusion-column-has-shadow fusion-flex-justify-content-flex-start fusion-content-layout-column\"><div class=\"fusion-image-element\" style=\"--awb-caption-title-font-family:var(--h2_typography-font-family);--awb-caption-title-font-weight:var(--h2_typography-font-weight);--awb-caption-title-font-style:var(--h2_typography-font-style);--awb-caption-title-size:var(--h2_typography-font-size);--awb-caption-title-transform:var(--h2_typography-text-transform);--awb-caption-title-line-height:var(--h2_typography-line-height);--awb-caption-title-letter-spacing:var(--h2_typography-letter-spacing);\"><span class=\"fusion-imageframe imageframe-none imageframe-3 hover-type-none\" style=\"border-radius:10px;\"><img decoding=\"async\" width=\"1252\" height=\"826\" title=\"Diamante2\" src=\"https:\/\/bluterrenas.com\/wp-content\/uploads\/2021\/12\/Diamond2.jpg\" data-orig-src=\"https:\/\/bluterrenas.com\/wp-content\/uploads\/2021\/12\/Diamond2.jpg\" alt class=\"lazyload img-responsive wp-image-831\" srcset=\"data:image\/svg+xml,%3Csvg%20xmlns%3D%27http%3A%2F%2Fwww.w3.org%2F2000%2Fsvg%27%20width%3D%271252%27%20height%3D%27826%27%20viewBox%3D%270%200%201252%20826%27%3E%3Crect%20width%3D%271252%27%20height%3D%27826%27%20fill-opacity%3D%220%22%2F%3E%3C%2Fsvg%3E\" data-srcset=\"https:\/\/bluterrenas.com\/wp-content\/uploads\/2021\/12\/Diamond2-200x132.jpg 200w, https:\/\/bluterrenas.com\/wp-content\/uploads\/2021\/12\/Diamond2-400x264.jpg 400w, https:\/\/bluterrenas.com\/wp-content\/uploads\/2021\/12\/Diamond2-600x396.jpg 600w, https:\/\/bluterrenas.com\/wp-content\/uploads\/2021\/12\/Diamond2-800x528.jpg 800w, https:\/\/bluterrenas.com\/wp-content\/uploads\/2021\/12\/Diamond2-1200x792.jpg 1200w, https:\/\/bluterrenas.com\/wp-content\/uploads\/2021\/12\/Diamond2.jpg 1252w\" data-sizes=\"auto\" data-orig-sizes=\"(max-width: 800px) 100vw, (max-width: 640px) 100vw, 600px\" \/><\/span><\/div><div class=\"fusion-text fusion-text-4 fusion-text-no-margin\" style=\"--awb-margin-top:10px;\"><p style=\"text-align: center;\"><em><strong><span style=\"font-size: 18pt;\">Solo 1 dormitorio<\/span><\/strong><\/em><\/p>\n<\/div><div class=\"fusion-text fusion-text-5\"><p style=\"text-align: center;\"><span style=\"font-size: 14pt;\"><em>De 55 M\u00b2 a 134 M\u00b2<\/em><\/span><\/p>\n<\/div><\/div><\/div><\/div><\/div><div class=\"fusion-fullwidth fullwidth-box fusion-builder-row-2 fusion-flex-container fusion-parallax-none nonhundred-percent-fullwidth non-hundred-percent-height-scrolling lazyload\" style=\"--awb-border-radius-top-left:0px;--awb-border-radius-top-right:0px;--awb-border-radius-bottom-right:0px;--awb-border-radius-bottom-left:0px;--awb-padding-top:150px;--awb-padding-bottom:100px;--awb-background-color:#001159;--awb-background-image:linear-gradient(180deg, rgba(0,17,89,0.61) 0%,rgba(0,17,89,0.41) 100%);;--awb-background-size:cover;--awb-flex-wrap:wrap;\" data-bg=\"https:\/\/bluterrenas.com\/wp-content\/uploads\/2021\/12\/frontslide1.jpg\" data-bg-gradient=\"linear-gradient(180deg, rgba(0,17,89,0.61) 0%,rgba(0,17,89,0.41) 100%)\" ><div class=\"fusion-builder-row fusion-row fusion-flex-align-items-center fusion-flex-justify-content-center fusion-flex-content-wrap\" style=\"max-width:1144px;margin-left: calc(-4% \/ 2 );margin-right: calc(-4% \/ 2 );\"><div class=\"fusion-layout-column fusion_builder_column fusion-builder-column-3 fusion_builder_column_2_3 2_3 fusion-flex-column\" style=\"--awb-bg-size:cover;--awb-width-large:66.666666666667%;--awb-margin-top-large:0px;--awb-spacing-right-large:2.88%;--awb-margin-bottom-large:20px;--awb-spacing-left-large:2.88%;--awb-width-medium:100%;--awb-order-medium:0;--awb-spacing-right-medium:1.92%;--awb-spacing-left-medium:1.92%;--awb-width-small:100%;--awb-order-small:0;--awb-spacing-right-small:1.92%;--awb-spacing-left-small:1.92%;\"><div class=\"fusion-column-wrapper fusion-column-has-shadow fusion-flex-justify-content-flex-start fusion-content-layout-column\"><div class=\"fusion-text fusion-text-6\" style=\"--awb-text-color:#ffffff;\"><p><span style=\"font-size: 14pt;\"><strong>BLU TERRENAS<\/strong>Adem\u00e1s de ser el proyecto m\u00e1s innovador y exclusivo de la zona, \u201ceco frendly\u201d, \u201csound frendly\u201d, org\u00e1nico, con la piscina m\u00e1s grande del mundo, emplear\u00e1 alrededor de 2500 personas directamente y alrededor de 5000 personas directamente. De manera indirecta, contribuyendo significativamente a mejorar la condici\u00f3n socioecon\u00f3mica de toda la zona, as\u00ed como una Universidad, enfocada en cursos anuales que preparar\u00e1n a unos 250 j\u00f3venes insert\u00e1ndolos en proyectos tur\u00edsticos, mientras que los talleres artesanales producir\u00e1n productos con la marca Las Terrenas. y souvenirs para ser comprados por turistas de todo el mundo, asegurando que Rep\u00fablica Dominicana, y Las Terrenas en particular, sean reconocidas mundialmente como uno de los verdaderos para\u00edsos que existen hoy en la tierra.<br \/>\n<\/span><\/p>\n<p><span style=\"font-size: 18pt;\"><strong>BLU TERRENAS<\/strong> Definitivamente marcar\u00e1 un antes y un despu\u00e9s no solo para la zona donde se desarrollar\u00e1, sino tambi\u00e9n para toda Rep\u00fablica Dominicana.<br \/>\n<\/span><\/p>\n<\/div><\/div><\/div><\/div><\/div><\/p>","protected":false},"excerpt":{"rendered":"","protected":false},"author":1,"featured_media":0,"parent":512,"menu_order":0,"comment_status":"closed","ping_status":"closed","template":"100-width.php","meta":{"footnotes":""},"class_list":["post-1000","page","type-page","status-publish","hentry"],"_links":{"self":[{"href":"https:\/\/bluterrenas.com\/es\/wp-json\/wp\/v2\/pages\/1000","targetHints":{"allow":["GET"]}}],"collection":[{"href":"https:\/\/bluterrenas.com\/es\/wp-json\/wp\/v2\/pages"}],"about":[{"href":"https:\/\/bluterrenas.com\/es\/wp-json\/wp\/v2\/types\/page"}],"author":[{"embeddable":true,"href":"https:\/\/bluterrenas.com\/es\/wp-json\/wp\/v2\/users\/1"}],"replies":[{"embeddable":true,"href":"https:\/\/bluterrenas.com\/es\/wp-json\/wp\/v2\/comments?post=1000"}],"version-history":[{"count":18,"href":"https:\/\/bluterrenas.com\/es\/wp-json\/wp\/v2\/pages\/1000\/revisions"}],"predecessor-version":[{"id":1488,"href":"https:\/\/bluterrenas.com\/es\/wp-json\/wp\/v2\/pages\/1000\/revisions\/1488"}],"up":[{"embeddable":true,"href":"https:\/\/bluterrenas.com\/es\/wp-json\/wp\/v2\/pages\/512"}],"wp:attachment":[{"href":"https:\/\/bluterrenas.com\/es\/wp-json\/wp\/v2\/media?parent=1000"}],"curies":[{"name":"wp","href":"https:\/\/api.w.org\/{rel}","templated":true}]}}